{"id":1172,"date":"2017-03-02T10:16:34","date_gmt":"2017-03-02T10:16:34","guid":{"rendered":"http:\/\/bnbsusanna.it\/?page_id=1172"},"modified":"2026-03-20T12:20:42","modified_gmt":"2026-03-20T11:20:42","slug":"wer-wir-sind","status":"publish","type":"page","link":"http:\/\/bnbsusanna.it\/?page_id=1172&lang=de","title":{"rendered":"\u00dcber uns"},"content":{"rendered":"<section style=\"text-align: justify;\">\n<h1>\u00dcber uns \u2013 Die famili\u00e4re Gastfreundschaft des B&amp;B Susanna<\/h1>\n<p>\n    Wir sind <strong>Susanna und Andrea<\/strong> und haben im <strong>Jahr 2017<\/strong> beschlossen, das<br \/>\n    <strong>B&amp;B Susanna<\/strong> zu er\u00f6ffnen \u2013 aus unserer Leidenschaft f\u00fcrs Reisen und dem Wunsch heraus,<br \/>\n    Menschen aus verschiedenen L\u00e4ndern und Kulturen kennenzulernen.<br \/>\n    Wir glauben an echte Gastfreundschaft, an Liebe zum Detail und daran, eine warme, famili\u00e4re Atmosph\u00e4re<br \/>\n    zu schaffen, in der sich jeder Gast wirklich wie zu Hause f\u00fchlen kann.\n  <\/p>\n<p>\n    Die Entscheidung f\u00fcr ein <strong>Bed &amp; Breakfast<\/strong> erm\u00f6glicht uns den direkten Kontakt zu unseren G\u00e4sten<br \/>\n    und den Aufbau einer Beziehung voller Vertrauen und Freundlichkeit, die jeden Aufenthalt einzigartig macht.\n  <\/p>\n<p>  <!-- WordPress-Spalten --><\/p>\n<div class=\"wp-block-columns\">\n<p>    <!-- Susanna --><\/p>\n<div class=\"wp-block-column\">\n<h2 class=\"wp-block-heading\">Susanna<\/h2>\n<p>\n        Hallo, ich bin Susanna, die Besitzerin des B&amp;B, das ich gemeinsam mit meinem Mann Andrea f\u00fchre.<br \/>\n        Viele Jahre lang habe ich mit Leidenschaft als Erzieherin in einer Kindertagesst\u00e4tte gearbeitet \u2013<br \/>\n        ein Beruf, der mir die Bedeutung von Aufmerksamkeit, F\u00fcrsorge und einer herzlichen Begr\u00fc\u00dfung vermittelt hat.<br \/>\n        Die Er\u00f6ffnung des B&amp;B war ein lang gehegter Traum und heute freue ich mich sehr \u00fcber dieses Abenteuer,<br \/>\n        das es mir erm\u00f6glicht, Menschen aus aller Welt kennenzulernen und sie sich wohlf\u00fchlen zu lassen.\n      <\/p>\n<figure class=\"wp-block-image size-full\" style=\"text-align:center;\">\n        <img loading=\"lazy\" decoding=\"async\" src=\"https:\/\/bnbsusanna.it\/wp-content\/uploads\/2025\/06\/Susanna_800-788x1024.jpg\" alt=\"\" width=\"788\" height=\"1024\" class=\"size-large wp-image-1958\" srcset=\"https:\/\/bnbsusanna.it\/wp-content\/uploads\/2025\/06\/Susanna_800-788x1024.jpg 788w, https:\/\/bnbsusanna.it\/wp-content\/uploads\/2025\/06\/Susanna_800-231x300.jpg 231w, https:\/\/bnbsusanna.it\/wp-content\/uploads\/2025\/06\/Susanna_800-768x998.jpg 768w, https:\/\/bnbsusanna.it\/wp-content\/uploads\/2025\/06\/Susanna_800.jpg 800w\" sizes=\"auto, (max-width: 788px) 100vw, 788px\" \/><br \/>\n      <\/figure>\n<\/p><\/div>\n<p>    <!-- Andrea --><\/p>\n<div class=\"wp-block-column\">\n<h2 class=\"wp-block-heading\">Andrea<\/h2>\n<p>\n        Hallo, ich bin Andrea und unterst\u00fctze meine Frau Susanna bei der F\u00fchrung unseres B&amp;B.<br \/>\n        Ich arbeite im Bereich <em>Healthcare and Welfare<\/em> eines internationalen Versicherungsunternehmens und<br \/>\n        interessiere mich in meiner Freizeit f\u00fcr Musik, Comics, B\u00fccher und Kino.<br \/>\n        Ich unterhalte mich gerne mit unseren G\u00e4sten, teile Interessen und gebe Tipps zur Umgebung.\n      <\/p>\n<figure class=\"wp-block-image size-full\" style=\"text-align:center;\">\n        <img loading=\"lazy\" decoding=\"async\" src=\"https:\/\/bnbsusanna.it\/wp-content\/uploads\/2025\/06\/Andrea_800-788x1024.jpg\" alt=\"\" width=\"788\" height=\"1024\" class=\"size-large wp-image-1959\" srcset=\"https:\/\/bnbsusanna.it\/wp-content\/uploads\/2025\/06\/Andrea_800-788x1024.jpg 788w, https:\/\/bnbsusanna.it\/wp-content\/uploads\/2025\/06\/Andrea_800-231x300.jpg 231w, https:\/\/bnbsusanna.it\/wp-content\/uploads\/2025\/06\/Andrea_800-768x998.jpg 768w, https:\/\/bnbsusanna.it\/wp-content\/uploads\/2025\/06\/Andrea_800.jpg 800w\" sizes=\"auto, (max-width: 788px) 100vw, 788px\" \/><br \/>\n      <\/figure>\n<\/p><\/div>\n<\/p><\/div>\n<\/section>\n","protected":false},"excerpt":{"rendered":"<p>\u00dcber uns \u2013 Die famili\u00e4re Gastfreundschaft des B&amp;B Susanna Wir sind Susanna und Andrea und haben im Jahr 2017 beschlossen, [&hellip;]<\/p>\n","protected":false},"author":1,"featured_media":0,"parent":0,"menu_order":4,"comment_status":"closed","ping_status":"closed","template":"","meta":{"site-sidebar-layout":"default","site-content-layout":"","ast-site-content-layout":"default","site-content-style":"default","site-sidebar-style":"default","ast-global-header-display":"","ast-banner-title-visibility":"","ast-main-header-display":"","ast-hfb-above-header-display":"","ast-hfb-below-header-display":"","ast-hfb-mobile-header-display":"","site-post-title":"","ast-breadcrumbs-content":"","ast-featured-img":"","footer-sml-layout":"","ast-disable-related-posts":"","theme-transparent-header-meta":"default","adv-header-id-meta":"","stick-header-meta":"","header-above-stick-meta":"","header-main-stick-meta":"","header-below-stick-meta":"","astra-migrate-meta-layouts":"set","ast-page-background-enabled":"default","ast-page-background-meta":{"desktop":{"background-color":"var(--ast-global-color-4)","background-image":"","background-repeat":"repeat","background-position":"center center","background-size":"auto","background-attachment":"scroll","background-type":"","background-media":"","overlay-type":"","overlay-color":"","overlay-opacity":"","overlay-gradient":""},"tablet":{"background-color":"","background-image":"","background-repeat":"repeat","background-position":"center center","background-size":"auto","background-attachment":"scroll","background-type":"","background-media":"","overlay-type":"","overlay-color":"","overlay-opacity":"","overlay-gradient":""},"mobile":{"background-color":"","background-image":"","background-repeat":"repeat","background-position":"center center","background-size":"auto","background-attachment":"scroll","background-type":"","background-media":"","overlay-type":"","overlay-color":"","overlay-opacity":"","overlay-gradient":""}},"ast-content-background-meta":{"desktop":{"background-color":"var(--ast-global-color-5)","background-image":"","background-repeat":"repeat","background-position":"center center","background-size":"auto","background-attachment":"scroll","background-type":"","background-media":"","overlay-type":"","overlay-color":"","overlay-opacity":"","overlay-gradient":""},"tablet":{"background-color":"var(--ast-global-color-5)","background-image":"","background-repeat":"repeat","background-position":"center center","background-size":"auto","background-attachment":"scroll","background-type":"","background-media":"","overlay-type":"","overlay-color":"","overlay-opacity":"","overlay-gradient":""},"mobile":{"background-color":"var(--ast-global-color-5)","background-image":"","background-repeat":"repeat","background-position":"center center","background-size":"auto","background-attachment":"scroll","background-type":"","background-media":"","overlay-type":"","overlay-color":"","overlay-opacity":"","overlay-gradient":""}},"footnotes":""},"class_list":["post-1172","page","type-page","status-publish","hentry"],"_links":{"self":[{"href":"http:\/\/bnbsusanna.it\/index.php?rest_route=\/wp\/v2\/pages\/1172","targetHints":{"allow":["GET"]}}],"collection":[{"href":"http:\/\/bnbsusanna.it\/index.php?rest_route=\/wp\/v2\/pages"}],"about":[{"href":"http:\/\/bnbsusanna.it\/index.php?rest_route=\/wp\/v2\/types\/page"}],"author":[{"embeddable":true,"href":"http:\/\/bnbsusanna.it\/index.php?rest_route=\/wp\/v2\/users\/1"}],"replies":[{"embeddable":true,"href":"http:\/\/bnbsusanna.it\/index.php?rest_route=%2Fwp%2Fv2%2Fcomments&post=1172"}],"version-history":[{"count":7,"href":"http:\/\/bnbsusanna.it\/index.php?rest_route=\/wp\/v2\/pages\/1172\/revisions"}],"predecessor-version":[{"id":2193,"href":"http:\/\/bnbsusanna.it\/index.php?rest_route=\/wp\/v2\/pages\/1172\/revisions\/2193"}],"wp:attachment":[{"href":"http:\/\/bnbsusanna.it\/index.php?rest_route=%2Fwp%2Fv2%2Fmedia&parent=1172"}],"curies":[{"name":"wp","href":"https:\/\/api.w.org\/{rel}","templated":true}]}}