{"id":1628,"date":"2024-12-09T07:31:13","date_gmt":"2024-12-09T07:31:13","guid":{"rendered":"https:\/\/bnbsusanna.it\/?page_id=1628"},"modified":"2026-03-20T12:08:25","modified_gmt":"2026-03-20T11:08:25","slug":"sehenswuerdigkeiten","status":"publish","type":"page","link":"http:\/\/bnbsusanna.it\/?page_id=1628&lang=de","title":{"rendered":"Erlebnisse"},"content":{"rendered":"<section style=\"text-align: justify; margin-top:20px;\">\n<h2>Freizeitparks, Thermen und Aktivit\u00e4ten in der N\u00e4he des B&amp;B Susanna<\/h2>\n<p>\n    Die Region rund um den Gardasee bietet eine gro\u00dfe Auswahl an Freizeitparks, Outdoor\u2011Erlebnissen,<br \/>\n    Thermalzentren und Aktivit\u00e4ten f\u00fcr Familien, Paare und Gruppen von Freunden.<br \/>\n    Hier findest du eine Auswahl der wichtigsten Attraktionen, die vom B&amp;B Susanna aus leicht erreichbar sind.\n  <\/p>\n<ul style=\"line-height:1.9; padding-left:0; list-style:none;\">\n<li>\n      <strong>GARDALAND<\/strong> (Castelnuovo del Garda)<br \/>\n      http:\/\/www.gardaland.itwww.gardaland.it<\/a>\n    <\/li>\n<li>\n      <strong>MOVIELAND<\/strong> (Lazise)<br \/>\n      http:\/\/www.canevaworld.it\/movielandwww.canevaworld.it\/movieland<\/a>\n    <\/li>\n<li>\n      <strong>CANEVA WORLD<\/strong> (Lazise)<br \/>\n      http:\/\/www.canevaworld.itwww.canevaworld.it<\/a>\n    <\/li>\n<li>\n      <strong>MEDIEVAL TIMES<\/strong> (Lazise)<br \/>\n      https:\/\/www.canevaworld.it\/medieval-times.htmlwww.canevaworld.it\/medieval-times.html<\/a>\n    <\/li>\n<li>\n      <strong>PARCO NATURA VIVA<\/strong> (Pastrengo)<br \/>\n      http:\/\/www.parconaturaviva.itwww.parconaturaviva.it<\/a>\n    <\/li>\n<li>\n      <strong>PARCO JUNGLE ADVENTURE<\/strong> (San Zeno di Montagna)<br \/>\n      https:\/\/www.jungleadventure.it\/www.jungleadventure.it<\/a>\n    <\/li>\n<li>\n      <strong>PISTA GO KART VERONA<\/strong> (Affi)<br \/>\n      http:\/\/www.gokartverona.itwww.gokartverona.it<\/a>\n    <\/li>\n<li>\n      <strong>PARCO SIGURT\u00c0<\/strong> (Valeggio sul Mincio)<br \/>\n      http:\/\/www.sigurta.itwww.sigurta.it<\/a>\n    <\/li>\n<li>\n      <strong>AQUARDENS<\/strong> (Pescantina)<br \/>\n      http:\/\/www.aquardens.itwww.aquardens.it<\/a>\n    <\/li>\n<li>\n      <strong>TERME DI COL\u00c0 \u2013 VILLA DEI CEDRI<\/strong> (Col\u00e0 di Lazise)<br \/>\n      http:\/\/www.villadeicedri.itwww.villadeicedri.it<\/a>\n    <\/li>\n<li>\n      <strong>GARDACQUA<\/strong> (Garda)<br \/>\n      http:\/\/www.gardacqua.itwww.gardacqua.it<\/a>\n    <\/li>\n<li>\n      <strong>DELTALAND \u2013 Scuola di Parapendio<\/strong> (Fumane)<br \/>\n      http:\/\/www.vololiberoscaligero.orgwww.vololiberoscaligero.org<\/a>\n    <\/li>\n<li>\n      <strong>Circolo Golf C\u00c0 DEGLI ULIVI<\/strong> (Costermano)<br \/>\n      http:\/\/www.golfclubcadegliulivi.itwww.golfclubcadegliulivi.it<\/a>\n    <\/li>\n<\/ul>\n<\/section>\n","protected":false},"excerpt":{"rendered":"<p>Freizeitparks, Thermen und Aktivit\u00e4ten in der N\u00e4he des B&amp;B Susanna Die Region rund um den Gardasee bietet eine gro\u00dfe Auswahl [&hellip;]<\/p>\n","protected":false},"author":1,"featured_media":0,"parent":2100,"menu_order":3,"comment_status":"closed","ping_status":"closed","template":"","meta":{"site-sidebar-layout":"default","site-content-layout":"","ast-site-content-layout":"default","site-content-style":"default","site-sidebar-style":"default","ast-global-header-display":"","ast-banner-title-visibility":"","ast-main-header-display":"","ast-hfb-above-header-display":"","ast-hfb-below-header-display":"","ast-hfb-mobile-header-display":"","site-post-title":"","ast-breadcrumbs-content":"","ast-featured-img":"","footer-sml-layout":"","ast-disable-related-posts":"","theme-transparent-header-meta":"default","adv-header-id-meta":"","stick-header-meta":"","header-above-stick-meta":"","header-main-stick-meta":"","header-below-stick-meta":"","astra-migrate-meta-layouts":"set","ast-page-background-enabled":"default","ast-page-background-meta":{"desktop":{"background-color":"var(--ast-global-color-4)","background-image":"","background-repeat":"repeat","background-position":"center center","background-size":"auto","background-attachment":"scroll","background-type":"","background-media":"","overlay-type":"","overlay-color":"","overlay-opacity":"","overlay-gradient":""},"tablet":{"background-color":"","background-image":"","background-repeat":"repeat","background-position":"center center","background-size":"auto","background-attachment":"scroll","background-type":"","background-media":"","overlay-type":"","overlay-color":"","overlay-opacity":"","overlay-gradient":""},"mobile":{"background-color":"","background-image":"","background-repeat":"repeat","background-position":"center center","background-size":"auto","background-attachment":"scroll","background-type":"","background-media":"","overlay-type":"","overlay-color":"","overlay-opacity":"","overlay-gradient":""}},"ast-content-background-meta":{"desktop":{"background-color":"var(--ast-global-color-5)","background-image":"","background-repeat":"repeat","background-position":"center center","background-size":"auto","background-attachment":"scroll","background-type":"","background-media":"","overlay-type":"","overlay-color":"","overlay-opacity":"","overlay-gradient":""},"tablet":{"background-color":"var(--ast-global-color-5)","background-image":"","background-repeat":"repeat","background-position":"center center","background-size":"auto","background-attachment":"scroll","background-type":"","background-media":"","overlay-type":"","overlay-color":"","overlay-opacity":"","overlay-gradient":""},"mobile":{"background-color":"var(--ast-global-color-5)","background-image":"","background-repeat":"repeat","background-position":"center center","background-size":"auto","background-attachment":"scroll","background-type":"","background-media":"","overlay-type":"","overlay-color":"","overlay-opacity":"","overlay-gradient":""}},"footnotes":""},"class_list":["post-1628","page","type-page","status-publish","hentry"],"_links":{"self":[{"href":"http:\/\/bnbsusanna.it\/index.php?rest_route=\/wp\/v2\/pages\/1628","targetHints":{"allow":["GET"]}}],"collection":[{"href":"http:\/\/bnbsusanna.it\/index.php?rest_route=\/wp\/v2\/pages"}],"about":[{"href":"http:\/\/bnbsusanna.it\/index.php?rest_route=\/wp\/v2\/types\/page"}],"author":[{"embeddable":true,"href":"http:\/\/bnbsusanna.it\/index.php?rest_route=\/wp\/v2\/users\/1"}],"replies":[{"embeddable":true,"href":"http:\/\/bnbsusanna.it\/index.php?rest_route=%2Fwp%2Fv2%2Fcomments&post=1628"}],"version-history":[{"count":8,"href":"http:\/\/bnbsusanna.it\/index.php?rest_route=\/wp\/v2\/pages\/1628\/revisions"}],"predecessor-version":[{"id":2191,"href":"http:\/\/bnbsusanna.it\/index.php?rest_route=\/wp\/v2\/pages\/1628\/revisions\/2191"}],"up":[{"embeddable":true,"href":"http:\/\/bnbsusanna.it\/index.php?rest_route=\/wp\/v2\/pages\/2100"}],"wp:attachment":[{"href":"http:\/\/bnbsusanna.it\/index.php?rest_route=%2Fwp%2Fv2%2Fmedia&parent=1628"}],"curies":[{"name":"wp","href":"https:\/\/api.w.org\/{rel}","templated":true}]}}