{"id":1639,"date":"2024-12-09T07:49:02","date_gmt":"2024-12-09T07:49:02","guid":{"rendered":"https:\/\/bnbsusanna.it\/?page_id=1639"},"modified":"2026-03-22T19:03:06","modified_gmt":"2026-03-22T18:03:06","slug":"cavaion-veronese","status":"publish","type":"page","link":"http:\/\/bnbsusanna.it\/?page_id=1639&lang=de","title":{"rendered":"Cavaion Veronese"},"content":{"rendered":"<section style=\"text-align: justify; margin-top:25px;\">\n<p>  <!-- IMMAGINE DI APERTURA --><\/p>\n<figure class=\"wp-block-image aligncenter size-large is-resized\">\n    <img loading=\"lazy\" decoding=\"async\" width=\"1024\" height=\"474\" src=\"http:\/\/bnbsusanna.it\/wp-content\/uploads\/2017\/02\/33640047-1024x474.jpg\" alt=\"Panorama Cavaion Veronese\" class=\"wp-image-110\" style=\"width:1091px;height:auto\" srcset=\"https:\/\/bnbsusanna.it\/wp-content\/uploads\/2017\/02\/33640047-1024x474.jpg 1024w, https:\/\/bnbsusanna.it\/wp-content\/uploads\/2017\/02\/33640047-600x278.jpg 600w, https:\/\/bnbsusanna.it\/wp-content\/uploads\/2017\/02\/33640047-300x139.jpg 300w, https:\/\/bnbsusanna.it\/wp-content\/uploads\/2017\/02\/33640047-768x356.jpg 768w\" sizes=\"auto, (max-width: 1024px) 100vw, 1024px\" \/><br \/>\n  <\/figure>\n<p>  <!-- INTRODUZIONE --><\/p>\n<p>\n    <strong>Cavaion Veronese<\/strong> liegt am Fu\u00df des Monte Moscal (Durchschnittsh\u00f6he 191 m, h\u00f6chster Punkt 438 m),<br \/>\n    zwischen dem <strong>Gardasee<\/strong> und dem \u00dcbergang des Flusses Etsch in die Ebene.<br \/>\n    Ein Gebiet voller Geschichte, Natur und lokaler Traditionen.\n  <\/p>\n<p>\n    Das Territorium:<br \/>\n    <a href=\"https:\/\/visitcavaion.it\/de\/region\/\" target=\"_blank\" rel=\"noopener\">www.visitcavaion.it\/de\/region\/<\/a>\n  <\/p>\n<h2>Der Ca\u2019 Nova\u2011See, das Arch\u00e4ologische Museum und der Arch\u00e4opark \u201cLa Bastia\u201d<\/h2>\n<p>\n    Die Urspr\u00fcnge von <strong>Cavaion Veronese<\/strong> reichen bis in die <strong>Bronzezeit<\/strong> zur\u00fcck.<br \/>\n    Im <strong>Ca\u2019 Nova\u2011See<\/strong> wurden arch\u00e4ologische Funde entdeckt, die auf das Ende des dritten bis den Beginn des<br \/>\n    zweiten Jahrtausends v. Chr. datiert werden.<br \/>\n    Diese Funde sind heute im <strong>Arch\u00e4ologischen Museum von Cavaion<\/strong> ausgestellt.\n  <\/p>\n<p>\n    Auf dem Gipfel des <strong>Monte San Michele<\/strong> (336 m \u00fc. M.), der \u00fcber dem Ort liegt, befindet sich der<br \/>\n    <strong>Arch\u00e4opark \u201eLa Bastia\u201c<\/strong>, in dem die \u00dcberreste eines Kultbaus aus dem 11. Jahrhundert zu sehen sind.<br \/>\n    Dekorierte Kalksteinfragmente aus dem 9. Jahrhundert deuten sogar auf einen noch \u00e4lteren Ursprung hin.\n  <\/p>\n<p>\n    Weitere Informationen:<br \/>\n    <a href=\"https:\/\/visitcavaion.it\/de\/archaologie\/\" target=\"_blank\" rel=\"noopener\">www.visitcavaion.it\/de\/archaologie\/<\/a>\n  <\/p>\n<h2>Typische Produkte aus Cavaion<\/h2>\n<h3>Wein und Oliven\u00f6l<\/h3>\n<p>\n    Cavaion geh\u00f6rt zu den sechs Gemeinden der \u201cklassischen\u201d <strong>Bardolino DOC<\/strong>-Zone, bekannt f\u00fcr seine<br \/>\n    hellrubinrote Farbe und den harmonischen, trockenen Geschmack.<br \/>\n    Die lokalen Winzer bauen auch andere Rebsorten wie Chardonnay an und produzieren hervorragende Wei\u00dfweine und<br \/>\n    <em>champenois<\/em>-Schaumweine.\n  <\/p>\n<p>\n    Das lokale <strong>Native Oliven\u00f6l Extra<\/strong> mit seinem mediterranen Charakter stammt aus dem gesch\u00fctzten Gebiet des<br \/>\n    Konsortiums der <strong>Riviera degli Olivi<\/strong>, einer anerkannten Herkunftsbezeichnung.\n  <\/p>\n<h3>La Fogassa<\/h3>\n<p>\n    Die <strong>Fogassa<\/strong> ist ein traditioneller Kuchen, der fr\u00fcher mit wenigen einfachen Zutaten \u00fcber den<br \/>\n    Kaminkohlen gebacken wurde. Heute kann man ihn in lokalen B\u00e4ckereien sowie in einigen Gesch\u00e4ften und Bars in Cavaion probieren.\n  <\/p>\n<p>\n    Rezept:<br \/>\n    <a href=\"https:\/\/visitcavaion.it\/de\/fogassa-de-cavaion\/\" target=\"_blank\" rel=\"noopener\">www.visitcavaion.it\/de\/fogassa-de-cavaion\/<\/a>\n  <\/p>\n<p>\n    Weitere Informationen:<br \/>\n    <a href=\"https:\/\/visitcavaion.it\/de\/\" target=\"_blank\" rel=\"noopener\">www.visitcavaion.it\/de\/<\/a>\n  <\/p>\n<\/section>\n","protected":false},"excerpt":{"rendered":"<p>Cavaion Veronese liegt am Fu\u00df des Monte Moscal (Durchschnittsh\u00f6he 191 m, h\u00f6chster Punkt 438 m), zwischen dem Gardasee und dem [&hellip;]<\/p>\n","protected":false},"author":1,"featured_media":0,"parent":2100,"menu_order":0,"comment_status":"closed","ping_status":"closed","template":"","meta":{"site-sidebar-layout":"default","site-content-layout":"","ast-site-content-layout":"default","site-content-style":"default","site-sidebar-style":"default","ast-global-header-display":"","ast-banner-title-visibility":"","ast-main-header-display":"","ast-hfb-above-header-display":"","ast-hfb-below-header-display":"","ast-hfb-mobile-header-display":"","site-post-title":"","ast-breadcrumbs-content":"","ast-featured-img":"","footer-sml-layout":"","ast-disable-related-posts":"","theme-transparent-header-meta":"default","adv-header-id-meta":"","stick-header-meta":"","header-above-stick-meta":"","header-main-stick-meta":"","header-below-stick-meta":"","astra-migrate-meta-layouts":"set","ast-page-background-enabled":"default","ast-page-background-meta":{"desktop":{"background-color":"var(--ast-global-color-4)","background-image":"","background-repeat":"repeat","background-position":"center center","background-size":"auto","background-attachment":"scroll","background-type":"","background-media":"","overlay-type":"","overlay-color":"","overlay-opacity":"","overlay-gradient":""},"tablet":{"background-color":"","background-image":"","background-repeat":"repeat","background-position":"center center","background-size":"auto","background-attachment":"scroll","background-type":"","background-media":"","overlay-type":"","overlay-color":"","overlay-opacity":"","overlay-gradient":""},"mobile":{"background-color":"","background-image":"","background-repeat":"repeat","background-position":"center center","background-size":"auto","background-attachment":"scroll","background-type":"","background-media":"","overlay-type":"","overlay-color":"","overlay-opacity":"","overlay-gradient":""}},"ast-content-background-meta":{"desktop":{"background-color":"var(--ast-global-color-5)","background-image":"","background-repeat":"repeat","background-position":"center center","background-size":"auto","background-attachment":"scroll","background-type":"","background-media":"","overlay-type":"","overlay-color":"","overlay-opacity":"","overlay-gradient":""},"tablet":{"background-color":"var(--ast-global-color-5)","background-image":"","background-repeat":"repeat","background-position":"center center","background-size":"auto","background-attachment":"scroll","background-type":"","background-media":"","overlay-type":"","overlay-color":"","overlay-opacity":"","overlay-gradient":""},"mobile":{"background-color":"var(--ast-global-color-5)","background-image":"","background-repeat":"repeat","background-position":"center center","background-size":"auto","background-attachment":"scroll","background-type":"","background-media":"","overlay-type":"","overlay-color":"","overlay-opacity":"","overlay-gradient":""}},"footnotes":""},"class_list":["post-1639","page","type-page","status-publish","hentry"],"_links":{"self":[{"href":"http:\/\/bnbsusanna.it\/index.php?rest_route=\/wp\/v2\/pages\/1639","targetHints":{"allow":["GET"]}}],"collection":[{"href":"http:\/\/bnbsusanna.it\/index.php?rest_route=\/wp\/v2\/pages"}],"about":[{"href":"http:\/\/bnbsusanna.it\/index.php?rest_route=\/wp\/v2\/types\/page"}],"author":[{"embeddable":true,"href":"http:\/\/bnbsusanna.it\/index.php?rest_route=\/wp\/v2\/users\/1"}],"replies":[{"embeddable":true,"href":"http:\/\/bnbsusanna.it\/index.php?rest_route=%2Fwp%2Fv2%2Fcomments&post=1639"}],"version-history":[{"count":8,"href":"http:\/\/bnbsusanna.it\/index.php?rest_route=\/wp\/v2\/pages\/1639\/revisions"}],"predecessor-version":[{"id":2225,"href":"http:\/\/bnbsusanna.it\/index.php?rest_route=\/wp\/v2\/pages\/1639\/revisions\/2225"}],"up":[{"embeddable":true,"href":"http:\/\/bnbsusanna.it\/index.php?rest_route=\/wp\/v2\/pages\/2100"}],"wp:attachment":[{"href":"http:\/\/bnbsusanna.it\/index.php?rest_route=%2Fwp%2Fv2%2Fmedia&parent=1639"}],"curies":[{"name":"wp","href":"https:\/\/api.w.org\/{rel}","templated":true}]}}