{"id":1650,"date":"2024-12-09T08:03:43","date_gmt":"2024-12-09T08:03:43","guid":{"rendered":"https:\/\/bnbsusanna.it\/?page_id=1650"},"modified":"2026-03-19T18:26:54","modified_gmt":"2026-03-19T17:26:54","slug":"was-zu-besuchen","status":"publish","type":"page","link":"http:\/\/bnbsusanna.it\/?page_id=1650&lang=de","title":{"rendered":"Was zu besuchen"},"content":{"rendered":"<section style=\"text-align: justify; margin-top:25px;\">\n<p>  <!-- ========================= --><br \/>\n  <!--        GARDASEE           --><br \/>\n  <!-- ========================= --><\/p>\n<h2>Gardasee \u2013 Landschaften, Natur und charmante Orte am See<\/h2>\n<p>\n    Der <strong>Gardasee<\/strong>, der gr\u00f6\u00dfte See Italiens, liegt nur <strong>5 Minuten<\/strong> vom<br \/>\n    <strong>B&amp;B Susanna<\/strong> entfernt. Im S\u00fcden ist er von sanften Mor\u00e4nenh\u00fcgeln umgeben, w\u00e4hrend im Norden<br \/>\n    hohe Bergketten den See wie einen Fjord einrahmen und ihn sch\u00fctzen \u2013 was zu seinem angenehm milden,<br \/>\n    mediterranen Klima beitr\u00e4gt.\n  <\/p>\n<p>\n    Die besondere Helligkeit, das milde Klima und eine reichhaltige Vegetation mit Olivenb\u00e4umen, Palmen,<br \/>\n    Zypressen, Zitronenb\u00e4umen, Oleandern und Orangenb\u00e4umen sowie die beeindruckenden Landschaften und<br \/>\n    historischen Sehensw\u00fcrdigkeiten machen den Gardasee zu einem der faszinierendsten Reiseziele Italiens.<br \/>\n    Entlang der K\u00fcstenstra\u00dfe erreicht man malerische Orte wie <strong>Lazise, Bardolino, Garda, Torri del Benaco,<br \/>\n    Brenzone, Malcesine, Torbole<\/strong> und <strong>Riva del Garda<\/strong>.\n  <\/p>\n<p>Hier einige empfehlenswerte Aktivit\u00e4ten:<\/p>\n<ul>\n<li>https:\/\/www.navigazionelaghi.it\/biglietti-e-orari-lago-di-garda\/Schifffahrt auf dem Gardasee<\/a><\/li>\n<li>http:\/\/www.funiviedelbaldo.it\/it\/Seilbahn Malcesine (Monte Baldo)<\/a><\/li>\n<li>https:\/\/www.prada-costabella.it\/it\/Seilbahn Prada Costabella (Monte Baldo)<\/a><\/li>\n<li>http:\/\/www.eremosangiorgio.it\/Eremo San Giorgio<\/a><\/li>\n<li>\n      https:\/\/www.visitmalcesine.com\/it\/il-castello-scaligero-nel-cuore-del-borgo-di-malcesineScaligerburg Malcesine<\/a><br \/>\n      \u2013<br \/>\n      https:\/\/www.comunemalcesine.it\/doc\/Mentzel.pdfBuch \u201eAuf den Spuren Goethes in Malcesine\u201c<\/a>\n    <\/li>\n<li>https:\/\/visitsirmione.com\/scopri\/arte-storia-e-monumenti\/castello-scaligero\/Scaligerburg Sirmione<\/a><\/li>\n<li>https:\/\/visitsirmione.com\/scopri\/arte-storia-e-monumenti\/grotte-di-catullo\/Grotten des Catull in Sirmione<\/a><\/li>\n<\/ul>\n<p>  <!-- ========================= --><br \/>\n  <!--           VERONA          --><br \/>\n  <!-- ========================= --><\/p>\n<h2>Verona \u2013 Kunst, Geschichte und Kultur<\/h2>\n<p>\n    \u201eEs gibt keine Welt au\u00dferhalb dieser Mauern\u2026\u201c \u2013 Shakespeare.<br \/>\n    Das <strong>B&amp;B Susanna<\/strong> liegt nur <strong>20 km<\/strong> vom historischen Zentrum Veronas entfernt.<br \/>\n    Neben ber\u00fchmten Sehensw\u00fcrdigkeiten wie der <strong>Arena<\/strong>, dem <strong>R\u00f6mischen Theater<\/strong>,<br \/>\n    dem <strong>Dom<\/strong>, der <strong>Basilika San Zeno<\/strong> und dem <strong>Haus der Julia<\/strong> bietet die<br \/>\n    Stadt zahlreiche Museen und kulturelle Veranstaltungen.\n  <\/p>\n<ul>\n<li>https:\/\/museomaffeiano.comune.verona.it\/nqcontent.cfm?a_id=44593Arena von Verona<\/a><\/li>\n<li>http:\/\/www.arena.it\/it-IT\/Homeit.htmlOpernfestival Arena<\/a><\/li>\n<li>https:\/\/museoarcheologico.comune.verona.it\/nqcontent.cfm?a_id=42704Arch\u00e4ologisches Museum \u2013 R\u00f6misches Theater<\/a><\/li>\n<li>https:\/\/casadigiulietta.comune.verona.it\/nqcontent.cfm?a_id=42703Haus der Julia<\/a><\/li>\n<li>http:\/\/www.museostorianaturaleverona.it\/Naturkundemuseum Verona<\/a><\/li>\n<li>https:\/\/museodicastelvecchio.comune.verona.it\/nqcontent.cfm?a_id=42545Castelvecchio Museum<\/a><\/li>\n<li>http:\/\/www.museoafricano.org\/ma\/Afrikamuseum<\/a><\/li>\n<li>https:\/\/gam.comune.verona.it\/nqcontent.cfm?a_id=42701Galerie f\u00fcr moderne Kunst Achille Forti<\/a><\/li>\n<li>https:\/\/www.veronafiere.it\/Veronafiere (Messezentrum)<\/a><\/li>\n<\/ul>\n<p>  <!-- ========================= --><br \/>\n  <!--       VALPOLICELLA        --><br \/>\n  <!-- ========================= --><\/p>\n<h2>Valpolicella \u2013 Weinberge, Landschaft und Tradition<\/h2>\n<p>\n    Die <strong>Valpolicella<\/strong> ist eines der bekanntesten H\u00fcgellandgebiete Italiens, ber\u00fchmt seit der R\u00f6merzeit<br \/>\n    f\u00fcr seinen Wein \u2013 insbesondere den <strong>Amarone<\/strong> \u2013 und f\u00fcr den roten Marmor von Verona.<br \/>\n    Die Region ist reich an eleganten <strong>venezianischen Villen<\/strong>, kleinen Kirchen, alten H\u00f6fen und<br \/>\n    historischen Orten, die ihre lange Geschichte widerspiegeln.\n  <\/p>\n<ul>\n<li>http:\/\/www.valpolicella.it\/Valpolicella (offizielle Website)<\/a><\/li>\n<li>http:\/\/www.parcodellecascate.it\/Wasserfallpark von Molina<\/a><\/li>\n<\/ul>\n<p>  <!-- ========================= --><br \/>\n  <!--        MONTE BALDO        --><br \/>\n  <!-- ========================= --><\/p>\n<h2>Monte Baldo \u2013 Der \u201eGarten Europas\u201c<\/h2>\n<p>\n    Der <strong>Monte Baldo<\/strong> erhebt sich auf <strong>2.218 m<\/strong> und erstreckt sich \u00fcber <strong>37 km<\/strong>.<br \/>\n    Er bietet atemberaubende Ausblicke \u00fcber den Gardasee, die Po-Ebene, die Apenninen, die Lagune von Venedig<br \/>\n    und einen gro\u00dfen Teil der Alpen.\n  <\/p>\n<p>Erreichbar \u00fcber zahlreiche Wanderwege oder mit:<\/p>\n<ul>\n<li>http:\/\/www.funiviedelbaldo.it\/it\/Seilbahn Malcesine<\/a><\/li>\n<li>https:\/\/www.prada-costabella.it\/it\/Seilbahn Prada Costabella<\/a><\/li>\n<\/ul>\n<p>  <!-- ========================= --><br \/>\n  <!--      BORGHETTO VALEGGIO   --><br \/>\n  <!-- ========================= --><\/p>\n<h2>Borghetto di Valeggio sul Mincio \u2013 Eines der sch\u00f6nsten D\u00f6rfer Italiens<\/h2>\n<p>\n    Mit seinen M\u00fchlen und der zeitlosen Atmosph\u00e4re gilt <strong>Borghetto<\/strong> als eines der romantischsten und<br \/>\n    sch\u00f6nsten D\u00f6rfer Italiens \u2013 ideal f\u00fcr Spazierg\u00e4nge und eindrucksvolle Fotomotive.\n  <\/p>\n<ul>\n<li>https:\/\/www.valeggio.com\/destinazioni\/borghetto-sul-mincio\/Borghetto sul Mincio<\/a><\/li>\n<\/ul>\n<\/section>\n","protected":false},"excerpt":{"rendered":"<p>Gardasee \u2013 Landschaften, Natur und charmante Orte am See Der Gardasee, der gr\u00f6\u00dfte See Italiens, liegt nur 5 Minuten vom [&hellip;]<\/p>\n","protected":false},"author":1,"featured_media":0,"parent":2100,"menu_order":1,"comment_status":"closed","ping_status":"closed","template":"","meta":{"site-sidebar-layout":"default","site-content-layout":"","ast-site-content-layout":"default","site-content-style":"default","site-sidebar-style":"default","ast-global-header-display":"","ast-banner-title-visibility":"","ast-main-header-display":"","ast-hfb-above-header-display":"","ast-hfb-below-header-display":"","ast-hfb-mobile-header-display":"","site-post-title":"","ast-breadcrumbs-content":"","ast-featured-img":"","footer-sml-layout":"","ast-disable-related-posts":"","theme-transparent-header-meta":"default","adv-header-id-meta":"","stick-header-meta":"","header-above-stick-meta":"","header-main-stick-meta":"","header-below-stick-meta":"","astra-migrate-meta-layouts":"set","ast-page-background-enabled":"default","ast-page-background-meta":{"desktop":{"background-color":"var(--ast-global-color-4)","background-image":"","background-repeat":"repeat","background-position":"center center","background-size":"auto","background-attachment":"scroll","background-type":"","background-media":"","overlay-type":"","overlay-color":"","overlay-opacity":"","overlay-gradient":""},"tablet":{"background-color":"","background-image":"","background-repeat":"repeat","background-position":"center center","background-size":"auto","background-attachment":"scroll","background-type":"","background-media":"","overlay-type":"","overlay-color":"","overlay-opacity":"","overlay-gradient":""},"mobile":{"background-color":"","background-image":"","background-repeat":"repeat","background-position":"center center","background-size":"auto","background-attachment":"scroll","background-type":"","background-media":"","overlay-type":"","overlay-color":"","overlay-opacity":"","overlay-gradient":""}},"ast-content-background-meta":{"desktop":{"background-color":"var(--ast-global-color-5)","background-image":"","background-repeat":"repeat","background-position":"center center","background-size":"auto","background-attachment":"scroll","background-type":"","background-media":"","overlay-type":"","overlay-color":"","overlay-opacity":"","overlay-gradient":""},"tablet":{"background-color":"var(--ast-global-color-5)","background-image":"","background-repeat":"repeat","background-position":"center center","background-size":"auto","background-attachment":"scroll","background-type":"","background-media":"","overlay-type":"","overlay-color":"","overlay-opacity":"","overlay-gradient":""},"mobile":{"background-color":"var(--ast-global-color-5)","background-image":"","background-repeat":"repeat","background-position":"center center","background-size":"auto","background-attachment":"scroll","background-type":"","background-media":"","overlay-type":"","overlay-color":"","overlay-opacity":"","overlay-gradient":""}},"footnotes":""},"class_list":["post-1650","page","type-page","status-publish","hentry"],"_links":{"self":[{"href":"http:\/\/bnbsusanna.it\/index.php?rest_route=\/wp\/v2\/pages\/1650","targetHints":{"allow":["GET"]}}],"collection":[{"href":"http:\/\/bnbsusanna.it\/index.php?rest_route=\/wp\/v2\/pages"}],"about":[{"href":"http:\/\/bnbsusanna.it\/index.php?rest_route=\/wp\/v2\/types\/page"}],"author":[{"embeddable":true,"href":"http:\/\/bnbsusanna.it\/index.php?rest_route=\/wp\/v2\/users\/1"}],"replies":[{"embeddable":true,"href":"http:\/\/bnbsusanna.it\/index.php?rest_route=%2Fwp%2Fv2%2Fcomments&post=1650"}],"version-history":[{"count":26,"href":"http:\/\/bnbsusanna.it\/index.php?rest_route=\/wp\/v2\/pages\/1650\/revisions"}],"predecessor-version":[{"id":2116,"href":"http:\/\/bnbsusanna.it\/index.php?rest_route=\/wp\/v2\/pages\/1650\/revisions\/2116"}],"up":[{"embeddable":true,"href":"http:\/\/bnbsusanna.it\/index.php?rest_route=\/wp\/v2\/pages\/2100"}],"wp:attachment":[{"href":"http:\/\/bnbsusanna.it\/index.php?rest_route=%2Fwp%2Fv2%2Fmedia&parent=1650"}],"curies":[{"name":"wp","href":"https:\/\/api.w.org\/{rel}","templated":true}]}}