{"id":63,"date":"2017-02-20T13:31:28","date_gmt":"2017-02-20T13:31:28","guid":{"rendered":"http:\/\/bnbsusanna.it\/?page_id=63"},"modified":"2026-03-19T15:57:19","modified_gmt":"2026-03-19T14:57:19","slug":"zimmer-1-camino","status":"publish","type":"page","link":"http:\/\/bnbsusanna.it\/?page_id=63&lang=de","title":{"rendered":"Fr\u00fchst\u00fccksraum"},"content":{"rendered":"<section style=\"text-align: justify;\">\n<h1>Fr\u00fchst\u00fccksraum \u2013 Moderner und vollst\u00e4ndig ausgestatteter Bereich f\u00fcr unsere G\u00e4ste<\/h1>\n<p>\n    Der <strong>Fr\u00fchst\u00fccksraum im B&amp;B Susanna<\/strong> ist ein <strong>moderner, funktionaler und zugleich<br \/>\n    gem\u00fctlicher Raum<\/strong>, der unseren G\u00e4sten volle Autonomie erm\u00f6glicht \u2013 auch zu Tageszeiten, an denen<br \/>\n    die Besitzer nicht anwesend sind. Die Atmosph\u00e4re bleibt warm und famili\u00e4r, w\u00e4hrend mehrere praktische<br \/>\n    Annehmlichkeiten den Aufenthalt noch angenehmer machen.<br \/>\n    [1](http:\/\/www.bnbsusanna.it\/)\n  <\/p>\n<p>  <!-- IMG 1 --><\/p>\n<figure style=\"margin:16px 0; text-align:center;\">\n    <img src=\"https:\/\/bnbsusanna.it\/wp-content\/uploads\/2017\/03\/BnBsusanna029-1024x768.jpg\"\n         alt=\"Sala colazioni del B&#038;B Susanna \u2013 ambiente moderno e funzionale\"\n         width=\"1024\" height=\"768\" loading=\"lazy\" decoding=\"async\"\n         style=\"max-width:100%; height:auto;\"><figcaption style=\"font-size:0.95em; color:#555;\">\n      Fr\u00fchst\u00fccksraum \u2013 moderner und funktionaler Bereich.<br \/>\n    <\/figcaption><\/figure>\n<h2>Verf\u00fcgbare Annehmlichkeiten<\/h2>\n<ul>\n<li>\n      <strong>K\u00fchlschrank<\/strong>, in dem G\u00e4ste Lebensmittel aufbewahren oder sich an hei\u00dfen Tagen<br \/>\n      mit frischem Wasser versorgen k\u00f6nnen. [1](http:\/\/www.bnbsusanna.it\/)\n    <\/li>\n<li>\n      <strong>Mikrowelle<\/strong> zum Erw\u00e4rmen von Getr\u00e4nken oder Speisen. [1](http:\/\/www.bnbsusanna.it\/)\n    <\/li>\n<li>\n      <strong>Geschirrsp\u00fcler<\/strong> zum Reinigen pers\u00f6nlicher Geschirrteile bei Bedarf. [1](http:\/\/www.bnbsusanna.it\/)\n    <\/li>\n<li>\n      <strong>Wasserkocher<\/strong> f\u00fcr Tee, Kr\u00e4utertee oder hei\u00dfe Getr\u00e4nke. [1](http:\/\/www.bnbsusanna.it\/)\n    <\/li>\n<\/ul>\n<p>  <!-- IMG 2 --><\/p>\n<figure style=\"margin:16px 0; text-align:center;\">\n    <img src=\"https:\/\/bnbsusanna.it\/wp-content\/uploads\/2017\/03\/BnBsusanna028-1024x768.jpg\"\n         alt=\"Zona colazioni attrezzata \u2013 B&#038;B Susanna\"\n         width=\"1024\" height=\"768\" loading=\"lazy\" decoding=\"async\"\n         style=\"max-width:100%; height:auto;\"><br \/>\n  <\/figure>\n<p>  <!-- IMG 3 --><\/p>\n<figure style=\"margin:16px 0; text-align:center;\">\n    <img src=\"https:\/\/bnbsusanna.it\/wp-content\/uploads\/2017\/03\/BnBsusanna023-1024x768.jpg\"\n         alt=\"Sala colazioni luminosa e accogliente \u2013 B&#038;B Susanna\"\n         width=\"1024\" height=\"768\" loading=\"lazy\" decoding=\"async\"\n         style=\"max-width:100%; height:auto;\"><br \/>\n  <\/figure>\n<\/section>\n","protected":false},"excerpt":{"rendered":"<p>Fr\u00fchst\u00fccksraum \u2013 Moderner und vollst\u00e4ndig ausgestatteter Bereich f\u00fcr unsere G\u00e4ste Der Fr\u00fchst\u00fccksraum im B&amp;B Susanna ist ein moderner, funktionaler und [&hellip;]<\/p>\n","protected":false},"author":1,"featured_media":0,"parent":51,"menu_order":2,"comment_status":"closed","ping_status":"closed","template":"","meta":{"site-sidebar-layout":"default","site-content-layout":"","ast-site-content-layout":"default","site-content-style":"default","site-sidebar-style":"default","ast-global-header-display":"","ast-banner-title-visibility":"","ast-main-header-display":"","ast-hfb-above-header-display":"","ast-hfb-below-header-display":"","ast-hfb-mobile-header-display":"","site-post-title":"","ast-breadcrumbs-content":"","ast-featured-img":"","footer-sml-layout":"","ast-disable-related-posts":"","theme-transparent-header-meta":"default","adv-header-id-meta":"","stick-header-meta":"","header-above-stick-meta":"","header-main-stick-meta":"","header-below-stick-meta":"","astra-migrate-meta-layouts":"set","ast-page-background-enabled":"default","ast-page-background-meta":{"desktop":{"background-color":"var(--ast-global-color-4)","background-image":"","background-repeat":"repeat","background-position":"center center","background-size":"auto","background-attachment":"scroll","background-type":"","background-media":"","overlay-type":"","overlay-color":"","overlay-opacity":"","overlay-gradient":""},"tablet":{"background-color":"","background-image":"","background-repeat":"repeat","background-position":"center center","background-size":"auto","background-attachment":"scroll","background-type":"","background-media":"","overlay-type":"","overlay-color":"","overlay-opacity":"","overlay-gradient":""},"mobile":{"background-color":"","background-image":"","background-repeat":"repeat","background-position":"center center","background-size":"auto","background-attachment":"scroll","background-type":"","background-media":"","overlay-type":"","overlay-color":"","overlay-opacity":"","overlay-gradient":""}},"ast-content-background-meta":{"desktop":{"background-color":"var(--ast-global-color-5)","background-image":"","background-repeat":"repeat","background-position":"center center","background-size":"auto","background-attachment":"scroll","background-type":"","background-media":"","overlay-type":"","overlay-color":"","overlay-opacity":"","overlay-gradient":""},"tablet":{"background-color":"var(--ast-global-color-5)","background-image":"","background-repeat":"repeat","background-position":"center center","background-size":"auto","background-attachment":"scroll","background-type":"","background-media":"","overlay-type":"","overlay-color":"","overlay-opacity":"","overlay-gradient":""},"mobile":{"background-color":"var(--ast-global-color-5)","background-image":"","background-repeat":"repeat","background-position":"center center","background-size":"auto","background-attachment":"scroll","background-type":"","background-media":"","overlay-type":"","overlay-color":"","overlay-opacity":"","overlay-gradient":""}},"footnotes":""},"class_list":["post-63","page","type-page","status-publish","hentry"],"_links":{"self":[{"href":"http:\/\/bnbsusanna.it\/index.php?rest_route=\/wp\/v2\/pages\/63","targetHints":{"allow":["GET"]}}],"collection":[{"href":"http:\/\/bnbsusanna.it\/index.php?rest_route=\/wp\/v2\/pages"}],"about":[{"href":"http:\/\/bnbsusanna.it\/index.php?rest_route=\/wp\/v2\/types\/page"}],"author":[{"embeddable":true,"href":"http:\/\/bnbsusanna.it\/index.php?rest_route=\/wp\/v2\/users\/1"}],"replies":[{"embeddable":true,"href":"http:\/\/bnbsusanna.it\/index.php?rest_route=%2Fwp%2Fv2%2Fcomments&post=63"}],"version-history":[{"count":14,"href":"http:\/\/bnbsusanna.it\/index.php?rest_route=\/wp\/v2\/pages\/63\/revisions"}],"predecessor-version":[{"id":2069,"href":"http:\/\/bnbsusanna.it\/index.php?rest_route=\/wp\/v2\/pages\/63\/revisions\/2069"}],"up":[{"embeddable":true,"href":"http:\/\/bnbsusanna.it\/index.php?rest_route=\/wp\/v2\/pages\/51"}],"wp:attachment":[{"href":"http:\/\/bnbsusanna.it\/index.php?rest_route=%2Fwp%2Fv2%2Fmedia&parent=63"}],"curies":[{"name":"wp","href":"https:\/\/api.w.org\/{rel}","templated":true}]}}